{"id":10581,"date":"2016-02-20T11:50:50","date_gmt":"2016-02-20T10:50:50","guid":{"rendered":"http:\/\/www.atesistemi.it\/?page_id=10581"},"modified":"2016-02-20T22:27:16","modified_gmt":"2016-02-20T21:27:16","slug":"home-ate","status":"publish","type":"page","link":"http:\/\/www.atesistemi.it\/?lang=es","title":{"rendered":"Home ATE ES"},"content":{"rendered":"<div class=\"limit-wrapper\"><div class=\"row \"><div class=\"wpv-grid grid-1-1 move-into-slider wpv-first-level first unextended no-extended-padding\" style=\"padding-top:0.05px;padding-bottom:0.05px;\" id=\"wpv-column-77ebd9482484c254528ea512b7a34542\" ><div class=\"push  wpv-hide-lowres\" style=\"margin-bottom:-100px\"><\/div>\n<div class=\"row \"><div class=\"wpv-grid grid-1-4 add-border first unextended no-extended-padding\" style=\"padding-top:40px;padding-bottom:0.05px;\" id=\"wpv-column-dde4d6f82be0f826eb17a71eb7defc98\" ><div class=\"row \"><div class=\"wpv-grid grid-1-1  first unextended no-extended-padding\" style=\"padding-top:0.05px;padding-bottom:0.05px;\" id=\"wpv-column-e447ada9bfc646b4448d6504048103b9\" >\n<div  data-href=\"#\" tabindex=\"1\" data-target=\"_self\" class=\"linkarea clearfix accent5  background-accent5\">\n\t\t\t<div class=\"first\"><span class='icon shortcode   use-hover' style='color:#951315;font-size:62px !important;'>&#57796;<\/span><\/div>\n\t\t\t\t<div class=\"last\"><h3 style=\"text-align: center;\">ELECTRONICS<\/h3>\n<div class=\"push \" style=\"height:5px\"><\/div>\n<p style=\"text-align: center;\">Proyectaci\u00f3n de hardware para aplicaciones industriales civiles y militares.<\/p>\n<p style=\"text-align: center;\">Estudio de factibilidad, dise\u00f1o y desarrollo de prototipos.<\/p>\n<p style=\"text-align: center;\">La producci\u00f3n en masa<br \/><\/div>\n\t<\/div><\/div><\/div><\/div>\n<div class=\"wpv-grid grid-1-4 add-border unextended no-extended-padding\" style=\"padding-top:40px;padding-bottom:0.05px;\" id=\"wpv-column-149e5dc73453133baa5c6b00d44b6b72\" ><div class=\"row \"><div class=\"wpv-grid grid-1-1  first unextended no-extended-padding\" style=\"padding-top:0.05px;padding-bottom:0.05px;\" id=\"wpv-column-be3ffd37487bb9e1c487ba5aa4be6c34\" >\n<div  data-href=\"#\" tabindex=\"1\" data-target=\"_self\" class=\"linkarea clearfix accent5  background-accent5\">\n\t\t\t<div class=\"first\"><span class='icon shortcode   use-hover' style='color:#951315;font-size:62px !important;'>&#57410;<\/span><\/div>\n\t\t\t\t<div class=\"last\"><h3 style=\"text-align: center;\">INFRAESTRUCTURA IT<\/h3>\n<p style=\"text-align: center;\"><div class=\"push \" style=\"height:5px\"><\/div>\n<p style=\"text-align: center;\">Proyecto de infraestructura, las impresoras de servidores de computadoras personales<\/div>\n\t<\/div><\/div><\/div><\/div>\n<div class=\"wpv-grid grid-1-4 add-border has-background unextended no-extended-padding\" style=\"background-color:#fff;padding-top:40px;padding-bottom:0.05px;\" id=\"wpv-column-bc014f0fb07fd5006ca39fab1a3ee8f4\" ><style>#wpv-column-bc014f0fb07fd5006ca39fab1a3ee8f4 p,#wpv-column-bc014f0fb07fd5006ca39fab1a3ee8f4 h1,#wpv-column-bc014f0fb07fd5006ca39fab1a3ee8f4 h2,#wpv-column-bc014f0fb07fd5006ca39fab1a3ee8f4 h3,#wpv-column-bc014f0fb07fd5006ca39fab1a3ee8f4 h4,#wpv-column-bc014f0fb07fd5006ca39fab1a3ee8f4 h5,#wpv-column-bc014f0fb07fd5006ca39fab1a3ee8f4 h6,#wpv-column-bc014f0fb07fd5006ca39fab1a3ee8f4 .column-title,#wpv-column-bc014f0fb07fd5006ca39fab1a3ee8f4 .sep-text h2.regular-title-wrapper,#wpv-column-bc014f0fb07fd5006ca39fab1a3ee8f4 .text-divider-double,#wpv-column-bc014f0fb07fd5006ca39fab1a3ee8f4 .sep-text .sep-text-line,#wpv-column-bc014f0fb07fd5006ca39fab1a3ee8f4 .sep,#wpv-column-bc014f0fb07fd5006ca39fab1a3ee8f4 .sep-2,#wpv-column-bc014f0fb07fd5006ca39fab1a3ee8f4 .sep-3,#wpv-column-bc014f0fb07fd5006ca39fab1a3ee8f4 td,#wpv-column-bc014f0fb07fd5006ca39fab1a3ee8f4 th,#wpv-column-bc014f0fb07fd5006ca39fab1a3ee8f4 caption{color:#808080;}#wpv-column-bc014f0fb07fd5006ca39fab1a3ee8f4:before{background-color:transparent;}<\/style><div class=\"row \"><div class=\"wpv-grid grid-1-1  first unextended no-extended-padding\" style=\"padding-top:0.05px;padding-bottom:0.05px;\" id=\"wpv-column-0d94864c5dab0b3880f86f038d437313\" >\n<div  data-href=\"#\" tabindex=\"1\" data-target=\"_self\" class=\"linkarea clearfix accent5  background-accent5\">\n\t\t\t<div class=\"first\"><span class='icon shortcode   use-hover' style='color:#951315;font-size:62px !important;'>&#58141;<\/span><\/div>\n\t\t\t\t<div class=\"last\"><h3 style=\"text-align: center;\">SOFTWARE<\/h3>\n<p style=\"text-align: center;\"><div class=\"push \" style=\"height:5px\"><\/div>\n<p style=\"text-align: justify;\">Dise\u00f1o y desarrollo de software para microprocesadores de 8\/16\/32-bit, dise\u00f1o y desarrollo de software para el control de procesos utilizando la \u00faltima plataformas de desarrollo de dise\u00f1o y desarrollo de portales web y de aplicaciones para las principales plataformas de hardware y software<\/div>\n\t<\/div><\/div><\/div><\/div>\n<div class=\"wpv-grid grid-1-4 add-border unextended no-extended-padding\" style=\"padding-top:40px;padding-bottom:0.05px;\" id=\"wpv-column-bc99f2ea59d532c415534ce5166c1fdb\" ><div class=\"row \"><div class=\"wpv-grid grid-1-1  first unextended no-extended-padding\" style=\"padding-top:0.05px;padding-bottom:0.05px;\" id=\"wpv-column-b341aeeeccca0c7b803c34a700c7637e\" >\n<div  data-href=\"#\" tabindex=\"1\" data-target=\"_self\" class=\"linkarea clearfix accent5  background-accent5\">\n\t\t\t<div class=\"first\"><span class='icon shortcode   use-hover' style='color:#951315;font-size:62px !important;'>&#57799;<\/span><\/div>\n\t\t\t\t<div class=\"last\"><h3 style=\"text-align: center;\">NETWORKING<\/h3>\n<p style=\"text-align: center;\"><div class=\"push \" style=\"height:5px\"><\/div>\n<p style=\"text-align: center;\"><span class=\"hps alt-edited\" tabindex=\"-1\" contenteditable=\"false\">Proyecto de<\/span> <span class=\"hps\" tabindex=\"-1\" contenteditable=\"false\">sistemas de redes<\/span><span class=\"\">, sistemas<\/span> <span class=\"hps\">de cableado<\/span><br \/><\/div>\n\t<\/div><\/div><\/div><\/div><\/div><\/div><\/div><\/div>\n<div class=\"push  wpv-hide-lowres\" style=\"height:60px\"><\/div>\n<div class=\"limit-wrapper\"><div class=\"row \"><div class=\"wpv-grid grid-1-1  wpv-first-level first unextended animation-fade-in animated-active no-extended-padding\" style=\"padding-top:0.05px;padding-bottom:0.05px;\" id=\"wpv-column-2425ee5fbdd0d600259f5c67f3b43aa7\" >\t\t<h2 class=\"text-divider-double\">\t\t\t\nEMPRESA\t\t<\/h2>\t\t<div class=\"sep\"><\/div>\t<\/div><\/div><\/div>\n<div class=\"limit-wrapper\"><div class=\"row \"><div class=\"wpv-grid grid-1-3  wpv-first-level first unextended animation-from-bottom animated-active no-extended-padding\" style=\"padding-top:0.05px;padding-bottom:0.05px;\" id=\"wpv-column-d47687d6d61184595bf39819d067864c\" ><div class=\"clearfix dropcap-wrapper\"><div class=\"dropcap-left\"><span class='dropcap1 '>M<\/span><\/div><div class=\"dropcap-text\">ISI\u00d3N<\/div> <\/div> <div class=\"push \" style=\"height:15px\"><\/div>Ofrecer a nuestros clientes productos y soluciones de alto valor tecnol\u00f3gico. Invertir en la investigaci\u00f3n y en nuestro crecimiento personal.<\/div>\n<div class=\"wpv-grid grid-1-3  wpv-first-level unextended animation-from-bottom animated-active no-extended-padding\" style=\"padding-top:0.05px;padding-bottom:0.05px;\" id=\"wpv-column-167f40f9efb4a7f62f1d7792e977f5d0\" ><div class=\"clearfix dropcap-wrapper\"><div class=\"dropcap-left\"><span class='dropcap1 '>H<\/span><\/div><div class=\"dropcap-text\">ISTORIA<\/div> <\/div> <div class=\"push \" style=\"height:15px\"><\/div>Fundada en 1989, que tiene 25 a\u00f1os de experiencia en el desarrollo de sistemas electr\u00f3nicos para los sectores industrial, militar y civil.<\/div>\n<div class=\"wpv-grid grid-1-3  wpv-first-level unextended animation-from-bottom animated-active no-extended-padding\" style=\"padding-top:0.05px;padding-bottom:0.05px;\" id=\"wpv-column-4acaf2306d985750c7df6c09f12397fe\" ><div class=\"clearfix dropcap-wrapper\"><div class=\"dropcap-left\"><span class='dropcap1 '>C<\/span><\/div><div class=\"dropcap-text\"> ERTIFICACION<\/div> <\/div> <div class=\"push \" style=\"height:15px\"><\/div>Desde el a\u00f1o 2006 nuestra empresa ha certificado el sistema de gesti\u00f3n de calidad seg\u00fan la norma ISO 9001.<\/p>\n<p>El sistema de gesti\u00f3n de calidad es constantemente actualizado y mejorado para lograr las metas que a\u00f1o tras a\u00f1o est\u00e1n dirigidas a una mejor calidad de trabajo, con un aumento de la seguridad, el medio ambiente y la energ\u00eda<\/div><\/div><\/div>\n<div class=\"push  wpv-hide-lowres\" style=\"height:55px\"><\/div>\n<div class=\"limit-wrapper\"><div class=\"row \"><div class=\"wpv-grid grid-1-1  wpv-first-level first unextended animation-fade-in animated-active no-extended-padding\" style=\"padding-top:0.05px;padding-bottom:0.05px;\" id=\"wpv-column-b3cbdee8e0c2ebf1b7469bb3ab2772d9\" >\t\t<h2 class=\"text-divider-double\">\t\t\t\nSERVICIOS\t\t<\/h2>\t\t<div class=\"sep\"><\/div>\t<\/div><\/div><\/div>\n<div class=\"limit-wrapper\"><div class=\"row \"><div class=\"wpv-grid grid-1-4  wpv-first-level first unextended animation-from-bottom animated-active no-extended-padding\" style=\"padding-top:0.05px;padding-bottom:0.05px;\" id=\"wpv-column-07958d83bda73ad6bc2cc5d5994caa44\" >\n<div  data-href=\"http:\/\/www.atesistemi.it\/?page_id=10640&#038;lang=es\" tabindex=\"1\" data-target=\"_self\" class=\"linkarea clearfix   background-transparent\">\n\t\t\t<div class=\"first\"><img src=\"http:\/\/www.atesistemi.it\/wp-content\/uploads\/2015\/06\/fotolia_55094975.jpg\" alt=\"\" \/><\/div>\n\t\t\t\t<div class=\"last\"><h3>CONSULTING<\/h3>\n<p style=\"text-align: center;\"><\/div>\n\t<\/div><\/div>\n<div class=\"wpv-grid grid-1-4  wpv-first-level unextended animation-from-bottom animated-active no-extended-padding\" style=\"padding-top:0.05px;padding-bottom:0.05px;\" id=\"wpv-column-b495ab47cb18bbc9f473163151814c7c\" >\n<div  data-href=\"#\" tabindex=\"1\" data-target=\"_self\" class=\"linkarea clearfix   background-transparent\">\n\t\t\t<div class=\"first\"><img src=\"http:\/\/www.atesistemi.it\/wp-content\/uploads\/2015\/06\/fotolia_68880148.jpg\" alt=\"\" \/><\/div>\n\t\t\t\t<div class=\"last\"><h3>PROGETTAZIONE<\/h3>\n<p style=\"text-align: center;\">. <a href=\"http:\/\/www.atesistemi.it\/?page_id=10203&#038;lang=it\">Leggi\u00a0<\/a>&#8211;><\/div>\n\t<\/div><\/div>\n<div class=\"wpv-grid grid-1-4  wpv-first-level unextended animation-from-bottom animated-active no-extended-padding\" style=\"padding-top:0.05px;padding-bottom:0.05px;\" id=\"wpv-column-3c68dfa79e7760e931abb630634a79d8\" >\n<div  data-href=\"#\" tabindex=\"1\" data-target=\"_self\" class=\"linkarea clearfix   background-transparent\">\n\t\t\t<div class=\"first\"><img src=\"http:\/\/www.atesistemi.it\/wp-content\/uploads\/2015\/06\/fotolia_67550297.jpg\" alt=\"\" \/><\/div>\n\t\t\t\t<div class=\"last\"><h3>PROTOTIPIZZAZIONE<\/h3>\n<p style=\"text-align: center;\">. <a href=\"http:\/\/www.atesistemi.it\/?page_id=10203&#038;lang=it\">Leggi\u00a0<\/a>&#8211;><\/div>\n\t<\/div><\/div>\n<div class=\"wpv-grid grid-1-4  wpv-first-level unextended animation-from-bottom animated-active no-extended-padding\" style=\"padding-top:0.05px;padding-bottom:0.05px;\" id=\"wpv-column-742c9ec6069a801e16d1c79856f978c1\" >\n<div  data-href=\"#\" tabindex=\"1\" data-target=\"_self\" class=\"linkarea clearfix   background-transparent\">\n\t\t\t<div class=\"first\"><img src=\"http:\/\/www.atesistemi.it\/wp-content\/uploads\/2015\/06\/fotolia_55663873.jpg\" alt=\"\" \/><\/div>\n\t\t\t\t<div class=\"last\"><h3>INDUSTRIALIZZAZIONE<\/h3>\n<p style=\"text-align: center;\">. <a href=\"http:\/\/www.atesistemi.it\/?page_id=10203&#038;lang=it\">Leggi\u00a0<\/a>&#8211;><\/div>\n\t<\/div><\/div><\/div><\/div>\n<div class=\"push \" style=\"height:20px\"><\/div>\n<div class=\"push  wpv-hide-lowres\" style=\"height:20px\"><\/div>\n<div class=\"push  wpv-hide-lowres\" style=\"height:20px\"><\/div>\n<div class=\"push  wpv-hide-lowres\" style=\"margin-bottom:-80px\"><\/div>\n<div class=\"limit-wrapper\"><div class=\"row \"><div class=\"wpv-grid grid-1-1 add-border wpv-first-level first unextended animation-from-bottom animated-active has-extended-padding\" style=\"padding-top:0.05px;padding-bottom:0.05px;\" id=\"wpv-column-9991f2e6dd1ae7c706a0924f33af3293\" ><div class=\"row \"><div class=\"wpv-grid grid-1-2  first unextended has-extended-padding\" style=\"padding-top:0.05px;padding-bottom:0.05px;\" id=\"wpv-column-fde86157f98b5cf65e83fe7e2c7bf836\" ><div class=\"row \"><div class=\"wpv-grid grid-1-1  first unextended no-extended-padding\" style=\"padding-top:0.05px;padding-bottom:0.05px;\" id=\"wpv-column-8e1ab9795f1c253fc1b9002549783063\" >\n<div  data-href=\"#\" tabindex=\"1\" data-target=\"_self\" class=\"linkarea clearfix accent7  background-accent5\">\n\t\t\t\t<div class=\"last\"><table>\n<tbody>\n<tr>\n<td><div class=\"push \" style=\"height:10px\"><\/div> <span class='icon shortcode theme  use-hover' style='color:#364352;font-size:42px !important;'>&#57474;<\/span><\/td>\n<td>\n<h3>BROCHURE<\/h3>\n<p>.<\/td>\n<td><div class=\"push \" style=\"height:30px\"><\/div> <p class=\"textcenter\"><a href=\"#\" target=\"_self\" style='font-size: 14px;' class=\"vamtam-button accent1  button-border hover-accent1 \"><span class=\"btext\" data-text=\"DOWNLOAD\">DOWNLOAD<\/span><\/a><\/p><\/td>\n<\/tr>\n<\/tbody>\n<\/table>\n<p style=\"text-align: center;\"><\/div>\n\t<\/div><\/div><\/div><\/div>\n<div class=\"wpv-grid grid-1-2  unextended left-border has-extended-padding\" style=\"padding-top:0.05px;padding-bottom:0.05px;\" id=\"wpv-column-b4995c605d499b980ffb8f510e19960f\" ><style>#wpv-column-b4995c605d499b980ffb8f510e19960f:before{background-color:#ededed;}<\/style><div class=\"row \"><div class=\"wpv-grid grid-1-1  first unextended has-extended-padding\" style=\"padding-top:0.05px;padding-bottom:0.05px;\" id=\"wpv-column-61888d15d252889ebe633aec0e7a5d0e\" ><div class=\"row \"><div class=\"wpv-grid grid-1-1  first unextended no-extended-padding\" style=\"padding-top:0.05px;padding-bottom:0.05px;\" id=\"wpv-column-c5417f2243c6c832f45f9eac94ec67c7\" >\n<div  data-href=\"#\" tabindex=\"1\" data-target=\"_self\" class=\"linkarea clearfix accent7  background-accent5\">\n\t\t\t\t<div class=\"last\"><table>\n<tbody>\n<tr>\n<td><div class=\"push \" style=\"height:10px\"><\/div> <span class='icon shortcode theme  use-hover' style='color:#364352;font-size:42px !important;'>&#57439;<\/span><\/td>\n<td>\n<h3>PER MAGGIORNI INFORMAZIONI<\/h3>\n<p>.<\/td>\n<td><div class=\"push \" style=\"height:30px\"><\/div> <p class=\"textcenter\"><a href=\"#\" target=\"_self\" style='font-size: 14px;' class=\"vamtam-button accent1  button-border hover-accent1 \"><span class=\"btext\" data-text=\"CONTATTACI\">CONTATTACI<\/span><\/a><\/p><\/td>\n<\/tr>\n<\/tbody>\n<\/table>\n<p style=\"text-align: center;\"><\/div>\n\t<\/div><\/div><\/div><\/div><\/div><\/div><\/div><\/div><\/div><\/div>\n<div class=\"push \" style=\"height:55px\"><\/div>\n<div class=\"limit-wrapper\"><div class=\"row \"><div class=\"wpv-grid grid-1-1  wpv-first-level first unextended animation-from-bottom animated-active no-extended-padding\" style=\"padding-top:0.05px;padding-bottom:0.05px;\" id=\"wpv-column-3418eb2cb8d31a4e73ddedacfb75ae4d\" >\t\t<h2 class=\"text-divider-double\">\t\t\tNEWS\t\t<\/h2>\t\t<div class=\"sep\"><\/div>\t<div class=\"scrollable-wrapper\">\n\t<div class=\"loop-wrapper clearfix news scroll-x\">\n\t\t<ul class=\"clearfix\" data-columns=\"3\">\n\t\t\t\t\t\t\t\t<li class=\"page-content post-head list-item post-10723 post type-post status-publish format-standard hentry category-news-es-es\">\n\t\t\t\t\t\t<div>\n\t\t\t\t\t\t\t<div class=\"post-article no-image-wrapper \">\n\t<div class=\"standard-post-format clearfix as-normal as-standard-post-format\">\n\t\t<div class=\"post-media-date\">\n\t\t<div class=\"post-actions-wrapper clearfix\">\n\t\t\t\t\t<div class=\"post-date\">\n\t\t\t\t6 Aprile 2016\t\t\t<\/div>\n\t\t\t\t\t\t\t\t\t\t\t<div class=\"comment-count\">\n\t\t\t\t\t<a href=\"http:\/\/www.atesistemi.it\/?p=10723&lang=es#respond\"><span class=\"icon\">&#57570;<\/span>0 <span class=\"comment-word visuallyhidden\">Comments<\/span><\/a>\t\t\t\t<\/div>\n\t\t\t\n\t\t\t\t\t\t<\/div>\n\n<\/div>\n\t<div class=\"post-content-wrapper\">\n\t\t\t\t<header class=\"single\">\n\t\t\t<div class=\"content\">\n\t\t\t\t<h3>\n\t\t\t\t\t<a href=\"http:\/\/www.atesistemi.it\/?p=10723&#038;lang=es\" title=\"Agriumbria 2016\" class=\"entry-title\">Agriumbria 2016<\/a>\n\t\t\t\t<\/h3>\n\t\t\t<\/div>\n\t\t<\/header>\n\t\n\t\t<div class=\"post-content-outer\">\n\t\t\t<p>Entre las novedades presentadas en la edici\u00f3n 2016 de Agriumbria celebrada en Bastia Umbra (Perugia),&#8230;<\/p>\n\t\t<\/div>\n\n\t\t\n\t\t\t<\/div>\n\t<\/div>\n<\/div>\n\t\t\t\t\t\t<\/div>\n\t\t\t\t\t<\/li>\n\t\t\t\t\t\t\t\t\t<li class=\"page-content post-head list-item post-10704 post type-post status-publish format-standard hentry category-news-es-es\">\n\t\t\t\t\t\t<div>\n\t\t\t\t\t\t\t<div class=\"post-article no-image-wrapper \">\n\t<div class=\"standard-post-format clearfix as-normal as-standard-post-format\">\n\t\t<div class=\"post-media-date\">\n\t\t<div class=\"post-actions-wrapper clearfix\">\n\t\t\t\t\t<div class=\"post-date\">\n\t\t\t\t13 Marzo 2016\t\t\t<\/div>\n\t\t\t\t\t\t\t\t\t\t\t<div class=\"comment-count\">\n\t\t\t\t\t<a href=\"http:\/\/www.atesistemi.it\/?p=10704&lang=es#respond\"><span class=\"icon\">&#57570;<\/span>0 <span class=\"comment-word visuallyhidden\">Comments<\/span><\/a>\t\t\t\t<\/div>\n\t\t\t\n\t\t\t\t\t\t<\/div>\n\n<\/div>\n\t<div class=\"post-content-wrapper\">\n\t\t\t\t<header class=\"single\">\n\t\t\t<div class=\"content\">\n\t\t\t\t<h3>\n\t\t\t\t\t<a href=\"http:\/\/www.atesistemi.it\/?p=10704&#038;lang=es\" title=\"Reuni\u00f3n t\u00e9cnica Gignac (FR)\" class=\"entry-title\">Reuni\u00f3n t\u00e9cnica Gignac (FR)<\/a>\n\t\t\t\t<\/h3>\n\t\t\t<\/div>\n\t\t<\/header>\n\t\n\t\t<div class=\"post-content-outer\">\n\t\t\t<p>Mucho inter\u00e9s en la reuni\u00f3n t\u00e9cnica celebrada en Gignac (FR) en el Moulin du Mas&#8230;<\/p>\n\t\t<\/div>\n\n\t\t\n\t\t\t<\/div>\n\t<\/div>\n<\/div>\n\t\t\t\t\t\t<\/div>\n\t\t\t\t\t<\/li>\n\t\t\t\t\t\t\t\t\t<li class=\"page-content post-head list-item post-10575 post type-post status-publish format-standard hentry category-news-es-es\">\n\t\t\t\t\t\t<div>\n\t\t\t\t\t\t\t<div class=\"post-article no-image-wrapper \">\n\t<div class=\"standard-post-format clearfix as-normal as-standard-post-format\">\n\t\t<div class=\"post-media-date\">\n\t\t<div class=\"post-actions-wrapper clearfix\">\n\t\t\t\t\t<div class=\"post-date\">\n\t\t\t\t20 Febbraio 2016\t\t\t<\/div>\n\t\t\t\t\t\t\t\t\t\t\t<div class=\"comment-count\">\n\t\t\t\t\t<a href=\"http:\/\/www.atesistemi.it\/?p=10575&lang=es#respond\"><span class=\"icon\">&#57570;<\/span>0 <span class=\"comment-word visuallyhidden\">Comments<\/span><\/a>\t\t\t\t<\/div>\n\t\t\t\n\t\t\t\t\t\t<\/div>\n\n<\/div>\n\t<div class=\"post-content-wrapper\">\n\t\t\t\t<header class=\"single\">\n\t\t\t<div class=\"content\">\n\t\t\t\t<h3>\n\t\t\t\t\t<a href=\"http:\/\/www.atesistemi.it\/?p=10575&#038;lang=es\" title=\"OILMATIC reuni\u00f3n t\u00e9cnica\" class=\"entry-title\">OILMATIC reuni\u00f3n t\u00e9cnica<\/a>\n\t\t\t\t<\/h3>\n\t\t\t<\/div>\n\t\t<\/header>\n\t\n\t\t<div class=\"post-content-outer\">\n\t\t\t<p>S\u00e1bado, 12 de marzo 2016 se realizar\u00e1 una reuni\u00f3n t\u00e9cnica en la que se mostrar\u00e1n&#8230;<\/p>\n\t\t<\/div>\n\n\t\t\n\t\t\t<\/div>\n\t<\/div>\n<\/div>\n\t\t\t\t\t\t<\/div>\n\t\t\t\t\t<\/li>\n\t\t\t\t\t\t\t\t\t<li class=\"page-content post-head list-item post-10463 post type-post status-publish format-standard hentry category-news-es-es\">\n\t\t\t\t\t\t<div>\n\t\t\t\t\t\t\t<div class=\"post-article no-image-wrapper \">\n\t<div class=\"standard-post-format clearfix as-normal as-standard-post-format\">\n\t\t<div class=\"post-media-date\">\n\t\t<div class=\"post-actions-wrapper clearfix\">\n\t\t\t\t\t<div class=\"post-date\">\n\t\t\t\t25 Agosto 2015\t\t\t<\/div>\n\t\t\t\t\t\t\t\t\t\t\t<div class=\"comment-count\">\n\t\t\t\t\t<a href=\"http:\/\/www.atesistemi.it\/?p=10463&lang=es#respond\"><span class=\"icon\">&#57570;<\/span>0 <span class=\"comment-word visuallyhidden\">Comments<\/span><\/a>\t\t\t\t<\/div>\n\t\t\t\n\t\t\t\t\t\t<\/div>\n\n<\/div>\n\t<div class=\"post-content-wrapper\">\n\t\t\t\t<header class=\"single\">\n\t\t\t<div class=\"content\">\n\t\t\t\t<h3>\n\t\t\t\t\t<a href=\"http:\/\/www.atesistemi.it\/?p=10463&#038;lang=es\" title=\"PACKTECH EXPO BALKAN 2015\" class=\"entry-title\">PACKTECH EXPO BALKAN 2015<\/a>\n\t\t\t\t<\/h3>\n\t\t\t<\/div>\n\t\t<\/header>\n\t\n\t\t<div class=\"post-content-outer\">\n\t\t\t<p>ATE Electr\u00f3nica participar\u00e1 en la pr\u00f3xima edici\u00f3n de la Feria Internacional 14a PACKTECH EXPO BALKAN&#8230;<\/p>\n\t\t<\/div>\n\n\t\t\n\t\t\t<\/div>\n\t<\/div>\n<\/div>\n\t\t\t\t\t\t<\/div>\n\t\t\t\t\t<\/li>\n\t\t\t\t\t\t\t\t\t<li class=\"page-content post-head list-item post-10276 post type-post status-publish format-standard hentry category-news-es-es\">\n\t\t\t\t\t\t<div>\n\t\t\t\t\t\t\t<div class=\"post-article no-image-wrapper \">\n\t<div class=\"standard-post-format clearfix as-normal as-standard-post-format\">\n\t\t<div class=\"post-media-date\">\n\t\t<div class=\"post-actions-wrapper clearfix\">\n\t\t\t\t\t<div class=\"post-date\">\n\t\t\t\t29 Giugno 2015\t\t\t<\/div>\n\t\t\t\t\t\t\t\n\t\t\t\t\t\t<\/div>\n\n<\/div>\n\t<div class=\"post-content-wrapper\">\n\t\t\t\t<header class=\"single\">\n\t\t\t<div class=\"content\">\n\t\t\t\t<h3>\n\t\t\t\t\t<a href=\"http:\/\/www.atesistemi.it\/?p=10276&#038;lang=es\" title=\"Distribuidor Ariservis de ATE Elettronica en Espana\" class=\"entry-title\">Distribuidor Ariservis de ATE Elettronica en Espana<\/a>\n\t\t\t\t<\/h3>\n\t\t\t<\/div>\n\t\t<\/header>\n\t\n\t\t<div class=\"post-content-outer\">\n\t\t\t<p>ATE Elettronica\u00a0ha firmado un acuerdo de distribucion para el mercado espanol con la empresa Ariservis\u00a0S.A.,\u00a0un&#8230;<\/p>\n\t\t<\/div>\n\n\t\t\n\t\t\t<\/div>\n\t<\/div>\n<\/div>\n\t\t\t\t\t\t<\/div>\n\t\t\t\t\t<\/li>\n\t\t\t\t\t\t<\/ul>\n\t<\/div>\n<\/div>\n\n<\/div><\/div><\/div>\n<div class=\"push  wpv-hide-lowres\" style=\"height:85px\"><\/div>\n","protected":false},"excerpt":{"rendered":"","protected":false},"author":2,"featured_media":0,"parent":10586,"menu_order":0,"comment_status":"closed","ping_status":"open","template":"","meta":[],"_links":{"self":[{"href":"http:\/\/www.atesistemi.it\/index.php?rest_route=\/wp\/v2\/pages\/10581"}],"collection":[{"href":"http:\/\/www.atesistemi.it\/index.php?rest_route=\/wp\/v2\/pages"}],"about":[{"href":"http:\/\/www.atesistemi.it\/index.php?rest_route=\/wp\/v2\/types\/page"}],"author":[{"embeddable":true,"href":"http:\/\/www.atesistemi.it\/index.php?rest_route=\/wp\/v2\/users\/2"}],"replies":[{"embeddable":true,"href":"http:\/\/www.atesistemi.it\/index.php?rest_route=%2Fwp%2Fv2%2Fcomments&post=10581"}],"version-history":[{"count":27,"href":"http:\/\/www.atesistemi.it\/index.php?rest_route=\/wp\/v2\/pages\/10581\/revisions"}],"predecessor-version":[{"id":10670,"href":"http:\/\/www.atesistemi.it\/index.php?rest_route=\/wp\/v2\/pages\/10581\/revisions\/10670"}],"up":[{"embeddable":true,"href":"http:\/\/www.atesistemi.it\/index.php?rest_route=\/wp\/v2\/pages\/10586"}],"wp:attachment":[{"href":"http:\/\/www.atesistemi.it\/index.php?rest_route=%2Fwp%2Fv2%2Fmedia&parent=10581"}],"curies":[{"name":"wp","href":"https:\/\/api.w.org\/{rel}","templated":true}]}}