{"id":10526,"date":"2015-09-10T19:28:09","date_gmt":"2015-09-10T17:28:09","guid":{"rendered":"http:\/\/www.atesistemi.it\/?page_id=10526"},"modified":"2021-05-19T18:14:30","modified_gmt":"2021-05-19T16:14:30","slug":"privacy-policy","status":"publish","type":"page","link":"http:\/\/www.atesistemi.it\/?page_id=10526&lang=it","title":{"rendered":"Privacy policy"},"content":{"rendered":"<p><strong>IL \u201cTITOLARE\u201d DEL TRATTAMENTO<\/strong><br \/>A seguito della consultazione di questo sito possono essere trattati dati relativi a persone identificate o identificabili.<br \/>Il \u201ctitolare\u201d del trattamento \u00e8 A.T.E. Elettronica srl, domiciliato allo scopo a Gubbio (PG). Unico responsabile del trattamento \u00e8 A.T.E. Elettronica srl domiciliato allo scopo a Gubbio (PG).<\/p>\n<p><strong>LUOGO DI TRATTAMENTO DEI DATI<\/strong><br \/>I trattamenti connessi ai servizi web di questo sito hanno luogo da parte solo di soggetti incaricati del trattamento.<\/p>\n<p><strong>FINALITA\u2019 E TIPI DI DATI TRATTATI<\/strong><br \/>Dati di navigazione<br \/>I sistemi informatici e le procedure software preposte al funzionamento di questo sito web acquisiscono, nel corso del loro normale esercizio, alcuni dati personali la cui trasmissione \u00e8 implicita nell\u2019uso dei protocolli di comunicazione di Internet.<br \/>Si tratta di informazioni che non sono raccolte per essere associate a interessati necessariamente identificati, ma che per loro stessa natura potrebbero, anche attraverso eventuali elaborazioni ed associazioni con altri dati detenuti anche da terzi, permettere di identificare gli utenti.<br \/>In questa categoria di dati rientrano gli indirizzi IP o i nomi a dominio dei computer utilizzati dagli utenti che si connettono al sito, gli indirizzi in notazione URI (Uniform Resource Identifier) delle risorse richieste, l\u2019orario della richiesta, il metodo utilizzato nel sottoporre la richiesta al server, la dimensione del file ottenuto in risposta, il codice numerico indicante lo stato della risposta data dal server (buon fine, errore, ecc.) ed altri parametri relativi al sistema operativo e all\u2019ambiente informatico dell\u2019utente.<br \/>Questi dati vengono utilizzati al solo fine di ricavare informazioni statistiche anonime sull\u2019uso del sito e per controllarne il corretto funzionamento e vengono cancellati immediatamente dopo l\u2019elaborazione. I dati potrebbero essere utilizzati per l\u2019accertamento di responsabilit\u00e0 in caso di ipotetici reati informatici ai danni del sito: salva questa eventualit\u00e0, allo stato i dati sui contatti web non persistono per pi\u00f9 di sette giorni.<br \/>Dati forniti volontariamente dall\u2019utente<br \/>L\u2019invio del tutto facoltativo, esplicito e volontario di posta elettronica agli indirizzi indicati su questo sito comporta la successiva acquisizione dell\u2019indirizzo del mittente, necessario per rispondere alle richieste, nonch\u00e9 degli eventuali altri dati personali inseriti nella missiva. Per questi dati non \u00e8 prevista alcuna comunicazione non consensuale a terzi, o diffusione.<br \/>Specifiche informative di sintesi verranno progressivamente riportate o visualizzate nelle pagine del sito predisposte per particolari servizi a richiesta. Per queste altre modalit\u00e0 di trattamento, verr\u00e0 preventivamente data informazione sull\u2019eventuale conoscibilit\u00e0 da parte di terzi.<\/p>\n<p><strong>COOKIE<\/strong><br \/>Nessun dato personale degli utenti viene in proposito acquisito dal sito.<br \/>Non viene fatto uso di cookie per la trasmissione di informazioni di carattere personale, n\u00e9 vengono utilizzati cookie persistenti di alcun tipo, cookie di sessione, ovvero sistemi per il tracciamento degli utenti.<\/p>\n<p><strong>MODALITA\u2019 DEL TRATTAMENTO<\/strong><br \/>I dati personali sono trattati con strumenti automatizzati per il solo tempo strettamente necessario a conseguire gli scopi per cui sono stati raccolti. Specifiche misure di sicurezza sono osservate per prevenire la perdita dei dati, usi illeciti o non corretti ed accessi non autorizzati.<\/p>\n<p><strong>DIRITTI DEGLI INTERESSATI<\/strong><br \/>I soggetti cui si riferiscono i dati personali hanno il diritto in qualunque momento di ottenere la conferma dell\u2019esistenza o meno dei medesimi dati e di conoscerne il contenuto e l\u2019origine, verificarne l\u2019esattezza o chiederne l\u2019integrazione o l\u2019aggiornamento, oppure la rettificazione (art. 7 del d.lg. n. 196\/2003).<br \/>Ai sensi del medesimo articolo si ha il diritto di chiedere la cancellazione, la trasformazione in forma anonima o il blocco dei dati trattati in violazione di legge, nonch\u00e9 di opporsi in ogni caso, per motivi legittimi, al loro trattamento.<br \/>Le richieste vanno rivolte al responsabile del trattamento dati A.T.E. Elettronica srl, Via del Melo, 2 &#8211; 06024 Gubbio (PG), ovvero tramite e-mail all\u2019indirizzo info@atesistemi.it<\/p>\n\n\n<p><\/p>\n","protected":false},"excerpt":{"rendered":"<p>IL \u201cTITOLARE\u201d DEL TRATTAMENTOA seguito della consultazione di questo sito possono essere trattati dati relativi a persone identificate o identificabili.Il \u201ctitolare\u201d del trattamento \u00e8 A.T.E. Elettronica srl, domiciliato allo scopo a Gubbio (PG). Unico responsabile del trattamento \u00e8 A.T.E. Elettronica srl domiciliato allo scopo a Gubbio (PG). LUOGO DI TRATTAMENTO DEI DATII trattamenti connessi ai&#8230;<\/p>\n","protected":false},"author":1,"featured_media":0,"parent":0,"menu_order":0,"comment_status":"closed","ping_status":"closed","template":"","meta":[],"_links":{"self":[{"href":"http:\/\/www.atesistemi.it\/index.php?rest_route=\/wp\/v2\/pages\/10526"}],"collection":[{"href":"http:\/\/www.atesistemi.it\/index.php?rest_route=\/wp\/v2\/pages"}],"about":[{"href":"http:\/\/www.atesistemi.it\/index.php?rest_route=\/wp\/v2\/types\/page"}],"author":[{"embeddable":true,"href":"http:\/\/www.atesistemi.it\/index.php?rest_route=\/wp\/v2\/users\/1"}],"replies":[{"embeddable":true,"href":"http:\/\/www.atesistemi.it\/index.php?rest_route=%2Fwp%2Fv2%2Fcomments&post=10526"}],"version-history":[{"count":3,"href":"http:\/\/www.atesistemi.it\/index.php?rest_route=\/wp\/v2\/pages\/10526\/revisions"}],"predecessor-version":[{"id":10746,"href":"http:\/\/www.atesistemi.it\/index.php?rest_route=\/wp\/v2\/pages\/10526\/revisions\/10746"}],"wp:attachment":[{"href":"http:\/\/www.atesistemi.it\/index.php?rest_route=%2Fwp%2Fv2%2Fmedia&parent=10526"}],"curies":[{"name":"wp","href":"https:\/\/api.w.org\/{rel}","templated":true}]}}