{"id":10201,"date":"2015-06-06T15:32:13","date_gmt":"2015-06-06T13:32:13","guid":{"rendered":"http:\/\/www.atesistemi.it\/?page_id=10201"},"modified":"2015-08-11T22:23:43","modified_gmt":"2015-08-11T20:23:43","slug":"azienda","status":"publish","type":"page","link":"http:\/\/www.atesistemi.it\/?page_id=10201&lang=it","title":{"rendered":"Azienda"},"content":{"rendered":"<div class=\"limit-wrapper\"><div class=\"row \"><div class=\"wpv-grid grid-1-1  wpv-first-level first unextended no-extended-padding\" style=\"padding-top:0.05px;padding-bottom:0.05px;\" id=\"wpv-column-aff2ae07d5b46b3482021bbd665a3e10\" ><p>La nostra societ\u00e0, fondata nel 1989 ha 25 anni di esperienza nello sviluppo di sistemi elettronici per il settore industriale, militare e civile.<\/p>\n<p>Dal 1994 si occupa inoltre della progettazione di sistemi di networking e soluzioni IT per la media e piccola azienda.<\/p>\n<p>Siamo pronti a sostenervi in ogni fase del progetto, dallo studio di fattibilit\u00e0 alla progettazione dell&#8217;hardware e del software, dalla realizzazione del prototipo alla produzione in serie utilizzando le pi\u00f9 innovative tecnologie di sviluppo.<\/div><\/div><\/div>\n<div class=\"push \" style=\"height:30px\"><\/div>\n<div class=\"limit-wrapper\"><div class=\"row \"><div class=\"wpv-grid grid-1-1  wpv-first-level first unextended no-extended-padding\" style=\"padding-top:0.05px;padding-bottom:0.05px;\" id=\"wpv-column-d9506f0819aec88ead2ec2c3eac38604\" ><div class=\"clearfix dropcap-wrapper\"><div class=\"dropcap-left\"><span class='dropcap1 '>M<\/span><\/div><div class=\"dropcap-text\">ISSION<\/div> <\/div> <div class=\"push \" style=\"height:15px\"><\/div>Fornire ai nostri clienti prodotti e soluzioni con alto valore tecnologico. Investire nella ricerca e nella crescita del nostro personale.<\/div><\/div><\/div>\n<div class=\"push \" style=\"height:30px\"><\/div>\n<div class=\"limit-wrapper\"><div class=\"row \"><div class=\"wpv-grid grid-1-1  wpv-first-level first unextended no-extended-padding\" style=\"padding-top:0.05px;padding-bottom:0.05px;\" id=\"wpv-column-124c4202bc5438199136c30d028e34ff\" ><div class=\"clearfix dropcap-wrapper\"><div class=\"dropcap-left\"><span class='dropcap1 '>C<\/span><\/div><div class=\"dropcap-text\"> ERTIFICAZIONI<\/div> <\/div> <div class=\"push \" style=\"height:15px\"><\/div>Dal 2006 la nostra azienda ha certificato il sistema di gestione della qualit\u00e0 secondo la norma ISO 9001.<\/p>\n<p>Il sistema di gestione della qualit\u00e0 \u00e8 costantemente aggiornato per raggiungere e migliorare gli obiettivi che anno dopo anno mirano ad una migliore qualit\u00e0 del lavoro, ad una aumentata sicurezza, all\u2019ambiente ed all\u2019energia<\/div><\/div><\/div>\n","protected":false},"excerpt":{"rendered":"","protected":false},"author":1,"featured_media":0,"parent":0,"menu_order":1,"comment_status":"closed","ping_status":"open","template":"","meta":[],"_links":{"self":[{"href":"http:\/\/www.atesistemi.it\/index.php?rest_route=\/wp\/v2\/pages\/10201"}],"collection":[{"href":"http:\/\/www.atesistemi.it\/index.php?rest_route=\/wp\/v2\/pages"}],"about":[{"href":"http:\/\/www.atesistemi.it\/index.php?rest_route=\/wp\/v2\/types\/page"}],"author":[{"embeddable":true,"href":"http:\/\/www.atesistemi.it\/index.php?rest_route=\/wp\/v2\/users\/1"}],"replies":[{"embeddable":true,"href":"http:\/\/www.atesistemi.it\/index.php?rest_route=%2Fwp%2Fv2%2Fcomments&post=10201"}],"version-history":[{"count":7,"href":"http:\/\/www.atesistemi.it\/index.php?rest_route=\/wp\/v2\/pages\/10201\/revisions"}],"predecessor-version":[{"id":10416,"href":"http:\/\/www.atesistemi.it\/index.php?rest_route=\/wp\/v2\/pages\/10201\/revisions\/10416"}],"wp:attachment":[{"href":"http:\/\/www.atesistemi.it\/index.php?rest_route=%2Fwp%2Fv2%2Fmedia&parent=10201"}],"curies":[{"name":"wp","href":"https:\/\/api.w.org\/{rel}","templated":true}]}}