{"id":10188,"date":"2015-06-06T14:33:27","date_gmt":"2015-06-06T12:33:27","guid":{"rendered":"http:\/\/www.atesistemi.it\/?page_id=10188"},"modified":"2016-02-20T18:46:41","modified_gmt":"2016-02-20T17:46:41","slug":"home-ate","status":"publish","type":"page","link":"http:\/\/www.atesistemi.it\/?lang=it","title":{"rendered":"home_ate IT"},"content":{"rendered":"<div class=\"limit-wrapper\"><div class=\"row \"><div class=\"wpv-grid grid-1-1 move-into-slider wpv-first-level first unextended no-extended-padding\" style=\"padding-top:0.05px;padding-bottom:0.05px;\" id=\"wpv-column-c639ec840e172466be32932ade747324\" ><div class=\"push  wpv-hide-lowres\" style=\"margin-bottom:-100px\"><\/div>\n<div class=\"row \"><div class=\"wpv-grid grid-1-4 add-border first unextended no-extended-padding\" style=\"padding-top:40px;padding-bottom:0.05px;\" id=\"wpv-column-0719769e62e0c6af0850aba9f082363d\" ><div class=\"row \"><div class=\"wpv-grid grid-1-1  first unextended no-extended-padding\" style=\"padding-top:0.05px;padding-bottom:0.05px;\" id=\"wpv-column-48c96cbdd91e9dcb381599728ca16923\" >\n<div  data-href=\"#\" tabindex=\"1\" data-target=\"_self\" class=\"linkarea clearfix accent5  background-accent5\">\n\t\t\t<div class=\"first\"><span class='icon shortcode   use-hover' style='color:#951315;font-size:62px !important;'>&#57796;<\/span><\/div>\n\t\t\t\t<div class=\"last\"><h3 style=\"text-align: center;\">ELETTRONICA<\/h3>\n<div class=\"push \" style=\"height:5px\"><\/div>\n<p style=\"text-align: center;\">Progettazione Hardware per applicazioni industriali civili e militari.<\/p>\n<p style=\"text-align: center;\">Studio di fattibilit\u00e0, progetto e sviluppo prototipo.<\/p>\n<p style=\"text-align: center;\">Produzione in serie<\/p>\n<p style=\"text-align: center;\"><\/div>\n\t<\/div><\/div><\/div><\/div>\n<div class=\"wpv-grid grid-1-4 add-border unextended no-extended-padding\" style=\"padding-top:40px;padding-bottom:0.05px;\" id=\"wpv-column-ba006c54919bc791a9566dc81a179162\" ><div class=\"row \"><div class=\"wpv-grid grid-1-1  first unextended no-extended-padding\" style=\"padding-top:0.05px;padding-bottom:0.05px;\" id=\"wpv-column-f29d5ce0364797822af178a2469ffe45\" >\n<div  data-href=\"#\" tabindex=\"1\" data-target=\"_self\" class=\"linkarea clearfix accent5  background-accent5\">\n\t\t\t<div class=\"first\"><span class='icon shortcode   use-hover' style='color:#951315;font-size:62px !important;'>&#57410;<\/span><\/div>\n\t\t\t\t<div class=\"last\"><h3 style=\"text-align: center;\">INFRASTRUTTURE IT<\/h3>\n<p style=\"text-align: center;\"><div class=\"push \" style=\"height:5px\"><\/div>\n<p style=\"text-align: center;\">Progettazione di infrastrutture, server personal computer stampanti<\/div>\n\t<\/div><\/div><\/div><\/div>\n<div class=\"wpv-grid grid-1-4 add-border has-background unextended no-extended-padding\" style=\"background-color:#fff;padding-top:40px;padding-bottom:0.05px;\" id=\"wpv-column-93bc7b3fa5776853099aaa79a2be5366\" ><style>#wpv-column-93bc7b3fa5776853099aaa79a2be5366 p,#wpv-column-93bc7b3fa5776853099aaa79a2be5366 h1,#wpv-column-93bc7b3fa5776853099aaa79a2be5366 h2,#wpv-column-93bc7b3fa5776853099aaa79a2be5366 h3,#wpv-column-93bc7b3fa5776853099aaa79a2be5366 h4,#wpv-column-93bc7b3fa5776853099aaa79a2be5366 h5,#wpv-column-93bc7b3fa5776853099aaa79a2be5366 h6,#wpv-column-93bc7b3fa5776853099aaa79a2be5366 .column-title,#wpv-column-93bc7b3fa5776853099aaa79a2be5366 .sep-text h2.regular-title-wrapper,#wpv-column-93bc7b3fa5776853099aaa79a2be5366 .text-divider-double,#wpv-column-93bc7b3fa5776853099aaa79a2be5366 .sep-text .sep-text-line,#wpv-column-93bc7b3fa5776853099aaa79a2be5366 .sep,#wpv-column-93bc7b3fa5776853099aaa79a2be5366 .sep-2,#wpv-column-93bc7b3fa5776853099aaa79a2be5366 .sep-3,#wpv-column-93bc7b3fa5776853099aaa79a2be5366 td,#wpv-column-93bc7b3fa5776853099aaa79a2be5366 th,#wpv-column-93bc7b3fa5776853099aaa79a2be5366 caption{color:#808080;}#wpv-column-93bc7b3fa5776853099aaa79a2be5366:before{background-color:transparent;}<\/style><div class=\"row \"><div class=\"wpv-grid grid-1-1  first unextended no-extended-padding\" style=\"padding-top:0.05px;padding-bottom:0.05px;\" id=\"wpv-column-6f4997c0d4a3d4b9f6d941fa6401f88c\" >\n<div  data-href=\"#\" tabindex=\"1\" data-target=\"_self\" class=\"linkarea clearfix accent5  background-accent5\">\n\t\t\t<div class=\"first\"><span class='icon shortcode   use-hover' style='color:#951315;font-size:62px !important;'>&#58141;<\/span><\/div>\n\t\t\t\t<div class=\"last\"><h3 style=\"text-align: center;\">SOFTWARE<\/h3>\n<p style=\"text-align: center;\"><div class=\"push \" style=\"height:5px\"><\/div>\n<p>Progettazione e sviluppo software per microprocessori 8 \/ 16 \/ 32 bit, Progettazione e sviluppo software per il controllo dei processi utilizzando le pi\u00f9 innovative piattaforme di sviluppo Progettazione e sviluppo di portali WEB e APP per le maggiori piattaforme hardware e software<\/div>\n\t<\/div><\/div><\/div><\/div>\n<div class=\"wpv-grid grid-1-4 add-border unextended no-extended-padding\" style=\"padding-top:40px;padding-bottom:0.05px;\" id=\"wpv-column-76a961df4fcbbd574f7c5ba55c6c2525\" ><div class=\"row \"><div class=\"wpv-grid grid-1-1  first unextended no-extended-padding\" style=\"padding-top:0.05px;padding-bottom:0.05px;\" id=\"wpv-column-0586c3b04602157ff8bcf0a202854b5d\" >\n<div  data-href=\"#\" tabindex=\"1\" data-target=\"_self\" class=\"linkarea clearfix accent5  background-accent5\">\n\t\t\t<div class=\"first\"><span class='icon shortcode   use-hover' style='color:#951315;font-size:62px !important;'>&#57799;<\/span><\/div>\n\t\t\t\t<div class=\"last\"><h3 style=\"text-align: center;\">NETWORKING<\/h3>\n<p style=\"text-align: center;\"><div class=\"push \" style=\"height:5px\"><\/div>\n<p style=\"text-align: center;\">Progettazione di sistemi di networking, sistemi di cablaggio<\/div>\n\t<\/div><\/div><\/div><\/div><\/div><\/div><\/div><\/div>\n<div class=\"push  wpv-hide-lowres\" style=\"height:60px\"><\/div>\n<div class=\"limit-wrapper\"><div class=\"row \"><div class=\"wpv-grid grid-1-1  wpv-first-level first unextended animation-fade-in animated-active no-extended-padding\" style=\"padding-top:0.05px;padding-bottom:0.05px;\" id=\"wpv-column-50dc06a8d43fd89fc08b383cf3f3d9c8\" >\t\t<h2 class=\"text-divider-double\">\t\t\t\nAZIENDA\t\t<\/h2>\t\t<div class=\"sep\"><\/div>\t<\/div><\/div><\/div>\n<div class=\"limit-wrapper\"><div class=\"row \"><div class=\"wpv-grid grid-1-3  wpv-first-level first unextended animation-from-bottom animated-active no-extended-padding\" style=\"padding-top:0.05px;padding-bottom:0.05px;\" id=\"wpv-column-3125fe7e56a0773e8cdbe6cb9b84c9cc\" ><div class=\"clearfix dropcap-wrapper\"><div class=\"dropcap-left\"><span class='dropcap1 '>M<\/span><\/div><div class=\"dropcap-text\">ISSION<\/div> <\/div> <div class=\"push \" style=\"height:15px\"><\/div>Fornire ai nostri clienti prodotti e soluzioni con alto valore tecnologico. Investire nella ricerca e nella crescita del nostro personale.<\/div>\n<div class=\"wpv-grid grid-1-3  wpv-first-level unextended animation-from-bottom animated-active no-extended-padding\" style=\"padding-top:0.05px;padding-bottom:0.05px;\" id=\"wpv-column-f22e589ea9202f8e67464dededf25821\" ><div class=\"clearfix dropcap-wrapper\"><div class=\"dropcap-left\"><span class='dropcap1 '>S<\/span><\/div><div class=\"dropcap-text\"> TORIA<\/div> <\/div> <div class=\"push \" style=\"height:15px\"><\/div>Fondata nel 1989 ha 25 anni di esperienza nello sviluppo di sistemi elettronici per il settore industriale, militare e civile.<\/div>\n<div class=\"wpv-grid grid-1-3  wpv-first-level unextended animation-from-bottom animated-active no-extended-padding\" style=\"padding-top:0.05px;padding-bottom:0.05px;\" id=\"wpv-column-e7bb3fe7d5fe8144077e9c9bacadb36a\" ><div class=\"clearfix dropcap-wrapper\"><div class=\"dropcap-left\"><span class='dropcap1 '>C<\/span><\/div><div class=\"dropcap-text\"> ERTIFICAZIONI<\/div> <\/div> <div class=\"push \" style=\"height:15px\"><\/div>Dal 2006 la nostra azienda ha certificato il sistema di gestione della qualit\u00e0\u00a0secondo la norma ISO 9001.<\/p>\n<p>Il sistema di gestione della qualit\u00e0 \u00e8 costantemente aggiornato per raggiungere e migliorare gli obiettivi che anno dopo anno mirano ad una migliore qualit\u00e0 del lavoro, ad una aumentata sicurezza, all\u2019ambiente ed all\u2019energia<\/div><\/div><\/div>\n<div class=\"push  wpv-hide-lowres\" style=\"height:55px\"><\/div>\n<div class=\"limit-wrapper\"><div class=\"row \"><div class=\"wpv-grid grid-1-1  wpv-first-level first unextended animation-fade-in animated-active no-extended-padding\" style=\"padding-top:0.05px;padding-bottom:0.05px;\" id=\"wpv-column-c1863d5b173ac7a69d829e5dc83bb64e\" >\t\t<h2 class=\"text-divider-double\">\t\t\t\nSERVIZI\t\t<\/h2>\t\t<div class=\"sep\"><\/div>\t<\/div><\/div><\/div>\n<div class=\"limit-wrapper\"><div class=\"row \"><div class=\"wpv-grid grid-1-4  wpv-first-level first unextended animation-from-bottom animated-active no-extended-padding\" style=\"padding-top:0.05px;padding-bottom:0.05px;\" id=\"wpv-column-dca32cc3dcaa0c760e55ee72a124ba46\" >\n<div  data-href=\"http:\/\/www.atesistemi.it\/?p=1794\" tabindex=\"1\" data-target=\"_self\" class=\"linkarea clearfix   background-transparent\">\n\t\t\t<div class=\"first\"><img src=\"http:\/\/www.atesistemi.it\/wp-content\/uploads\/2015\/06\/fotolia_55094975.jpg\" alt=\"\" \/><\/div>\n\t\t\t\t<div class=\"last\"><h3>CONSULENZA<\/h3>\n<p style=\"text-align: center;\">. <a href=\"http:\/\/www.atesistemi.it\/?page_id=10203&#038;lang=it\">Leggi\u00a0<\/a>&#8211;><\/div>\n\t<\/div><\/div>\n<div class=\"wpv-grid grid-1-4  wpv-first-level unextended animation-from-bottom animated-active no-extended-padding\" style=\"padding-top:0.05px;padding-bottom:0.05px;\" id=\"wpv-column-08a24aef59b4077adb4ff4b108374528\" >\n<div  data-href=\"#\" tabindex=\"1\" data-target=\"_self\" class=\"linkarea clearfix   background-transparent\">\n\t\t\t<div class=\"first\"><img src=\"http:\/\/www.atesistemi.it\/wp-content\/uploads\/2015\/06\/fotolia_68880148.jpg\" alt=\"\" \/><\/div>\n\t\t\t\t<div class=\"last\"><h3>PROGETTAZIONE<\/h3>\n<p style=\"text-align: center;\">. <a href=\"http:\/\/www.atesistemi.it\/?page_id=10203&#038;lang=it\">Leggi\u00a0<\/a>&#8211;><\/div>\n\t<\/div><\/div>\n<div class=\"wpv-grid grid-1-4  wpv-first-level unextended animation-from-bottom animated-active no-extended-padding\" style=\"padding-top:0.05px;padding-bottom:0.05px;\" id=\"wpv-column-d052d4cea87223f9f7d6f631a9192acd\" >\n<div  data-href=\"#\" tabindex=\"1\" data-target=\"_self\" class=\"linkarea clearfix   background-transparent\">\n\t\t\t<div class=\"first\"><img src=\"http:\/\/www.atesistemi.it\/wp-content\/uploads\/2015\/06\/fotolia_67550297.jpg\" alt=\"\" \/><\/div>\n\t\t\t\t<div class=\"last\"><h3>PROTOTIPIZZAZIONE<\/h3>\n<p style=\"text-align: center;\">. <a href=\"http:\/\/www.atesistemi.it\/?page_id=10203&#038;lang=it\">Leggi\u00a0<\/a>&#8211;><\/div>\n\t<\/div><\/div>\n<div class=\"wpv-grid grid-1-4  wpv-first-level unextended animation-from-bottom animated-active no-extended-padding\" style=\"padding-top:0.05px;padding-bottom:0.05px;\" id=\"wpv-column-f455737b72d9b8fbecb0696c8ac22712\" >\n<div  data-href=\"#\" tabindex=\"1\" data-target=\"_self\" class=\"linkarea clearfix   background-transparent\">\n\t\t\t<div class=\"first\"><img src=\"http:\/\/www.atesistemi.it\/wp-content\/uploads\/2015\/06\/fotolia_55663873.jpg\" alt=\"\" \/><\/div>\n\t\t\t\t<div class=\"last\"><h3>INDUSTRIALIZZAZIONE<\/h3>\n<p style=\"text-align: center;\">. <a href=\"http:\/\/www.atesistemi.it\/?page_id=10203&#038;lang=it\">Leggi\u00a0<\/a>&#8211;><\/div>\n\t<\/div><\/div><\/div><\/div>\n<div class=\"push \" style=\"height:20px\"><\/div>\n<div class=\"push  wpv-hide-lowres\" style=\"height:20px\"><\/div>\n<div class=\"push  wpv-hide-lowres\" style=\"height:20px\"><\/div>\n<div class=\"push  wpv-hide-lowres\" style=\"margin-bottom:-80px\"><\/div>\n<div class=\"limit-wrapper\"><div class=\"row \"><div class=\"wpv-grid grid-1-1 add-border wpv-first-level first unextended animation-from-bottom animated-active has-extended-padding\" style=\"padding-top:0.05px;padding-bottom:0.05px;\" id=\"wpv-column-7911150f0e9559452e31141376705de7\" ><div class=\"row \"><div class=\"wpv-grid grid-1-2  first unextended has-extended-padding\" style=\"padding-top:0.05px;padding-bottom:0.05px;\" id=\"wpv-column-f254625cec55603cbbb893b8abb0e8f7\" ><div class=\"row \"><div class=\"wpv-grid grid-1-1  first unextended no-extended-padding\" style=\"padding-top:0.05px;padding-bottom:0.05px;\" id=\"wpv-column-92e81a48f94493d365c6b5b1f9cd29ba\" >\n<div  data-href=\"#\" tabindex=\"1\" data-target=\"_self\" class=\"linkarea clearfix accent7  background-accent5\">\n\t\t\t\t<div class=\"last\"><table>\n<tbody>\n<tr>\n<td><div class=\"push \" style=\"height:10px\"><\/div> <span class='icon shortcode theme  use-hover' style='color:#364352;font-size:42px !important;'>&#57474;<\/span><\/td>\n<td>\n<h3>BROCHURE<\/h3>\n<p>.<\/td>\n<td><div class=\"push \" style=\"height:30px\"><\/div> <p class=\"textcenter\"><a href=\"#\" target=\"_self\" style='font-size: 14px;' class=\"vamtam-button accent1  button-border hover-accent1 \"><span class=\"btext\" data-text=\"DOWNLOAD\">DOWNLOAD<\/span><\/a><\/p><\/td>\n<\/tr>\n<\/tbody>\n<\/table>\n<p style=\"text-align: center;\"><\/div>\n\t<\/div><\/div><\/div><\/div>\n<div class=\"wpv-grid grid-1-2  unextended left-border has-extended-padding\" style=\"padding-top:0.05px;padding-bottom:0.05px;\" id=\"wpv-column-be0184265589c55498e2c852c0f857fb\" ><style>#wpv-column-be0184265589c55498e2c852c0f857fb:before{background-color:#ededed;}<\/style><div class=\"row \"><div class=\"wpv-grid grid-1-1  first unextended has-extended-padding\" style=\"padding-top:0.05px;padding-bottom:0.05px;\" id=\"wpv-column-bc3b2e79414532aab773d744b9d56529\" ><div class=\"row \"><div class=\"wpv-grid grid-1-1  first unextended no-extended-padding\" style=\"padding-top:0.05px;padding-bottom:0.05px;\" id=\"wpv-column-f8fdc169e2ded0d9438aed264dcf2af7\" >\n<div  data-href=\"#\" tabindex=\"1\" data-target=\"_self\" class=\"linkarea clearfix accent7  background-accent5\">\n\t\t\t\t<div class=\"last\"><table>\n<tbody>\n<tr>\n<td><div class=\"push \" style=\"height:10px\"><\/div> <span class='icon shortcode theme  use-hover' style='color:#364352;font-size:42px !important;'>&#57439;<\/span><\/td>\n<td>\n<h3>PER MAGGIORNI INFORMAZIONI<\/h3>\n<p>.<\/td>\n<td><div class=\"push \" style=\"height:30px\"><\/div> <p class=\"textcenter\"><a href=\"#\" target=\"_self\" style='font-size: 14px;' class=\"vamtam-button accent1  button-border hover-accent1 \"><span class=\"btext\" data-text=\"CONTATTACI\">CONTATTACI<\/span><\/a><\/p><\/td>\n<\/tr>\n<\/tbody>\n<\/table>\n<p style=\"text-align: center;\"><\/div>\n\t<\/div><\/div><\/div><\/div><\/div><\/div><\/div><\/div><\/div><\/div>\n<div class=\"push \" style=\"height:55px\"><\/div>\n<div class=\"limit-wrapper\"><div class=\"row \"><div class=\"wpv-grid grid-1-1  wpv-first-level first unextended animation-from-bottom animated-active no-extended-padding\" style=\"padding-top:0.05px;padding-bottom:0.05px;\" id=\"wpv-column-e1748b4729245a3f98d557647cf1b0b1\" >\t\t<h2 class=\"text-divider-double\">\t\t\tNEWS\t\t<\/h2>\t\t<div class=\"sep\"><\/div>\t<div class=\"scrollable-wrapper\">\n\t<div class=\"loop-wrapper clearfix news scroll-x\">\n\t\t<ul class=\"clearfix\" data-columns=\"3\">\n\t\t\t\t\t\t\t\t<li class=\"page-content post-head list-item post-10713 post type-post status-publish format-standard hentry category-news\">\n\t\t\t\t\t\t<div>\n\t\t\t\t\t\t\t<div class=\"post-article no-image-wrapper \">\n\t<div class=\"standard-post-format clearfix as-normal as-standard-post-format\">\n\t\t<div class=\"post-media-date\">\n\t\t<div class=\"post-actions-wrapper clearfix\">\n\t\t\t\t\t<div class=\"post-date\">\n\t\t\t\t6 Aprile 2016\t\t\t<\/div>\n\t\t\t\t\t\t\t\t\t\t\t<div class=\"comment-count\">\n\t\t\t\t\t<a href=\"http:\/\/www.atesistemi.it\/?p=10713&lang=it#respond\"><span class=\"icon\">&#57570;<\/span>0 <span class=\"comment-word visuallyhidden\">Comments<\/span><\/a>\t\t\t\t<\/div>\n\t\t\t\n\t\t\t\t\t\t<\/div>\n\n<\/div>\n\t<div class=\"post-content-wrapper\">\n\t\t\t\t<header class=\"single\">\n\t\t\t<div class=\"content\">\n\t\t\t\t<h3>\n\t\t\t\t\t<a href=\"http:\/\/www.atesistemi.it\/?p=10713&#038;lang=it\" title=\"Agriumbria 2016\" class=\"entry-title\">Agriumbria 2016<\/a>\n\t\t\t\t<\/h3>\n\t\t\t<\/div>\n\t\t<\/header>\n\t\n\t\t<div class=\"post-content-outer\">\n\t\t\t<p>Molte le novit\u00e0 presentate all&#8217;edizione 2016 di AGRIUMBRIA che si \u00e8 svolta a Bastia Umbra&#8230;<\/p>\n\t\t<\/div>\n\n\t\t\n\t\t\t<\/div>\n\t<\/div>\n<\/div>\n\t\t\t\t\t\t<\/div>\n\t\t\t\t\t<\/li>\n\t\t\t\t\t\t\t\t\t<li class=\"page-content post-head list-item post-10698 post type-post status-publish format-standard hentry category-news\">\n\t\t\t\t\t\t<div>\n\t\t\t\t\t\t\t<div class=\"post-article no-image-wrapper \">\n\t<div class=\"standard-post-format clearfix as-normal as-standard-post-format\">\n\t\t<div class=\"post-media-date\">\n\t\t<div class=\"post-actions-wrapper clearfix\">\n\t\t\t\t\t<div class=\"post-date\">\n\t\t\t\t13 Marzo 2016\t\t\t<\/div>\n\t\t\t\t\t\t\t\t\t\t\t<div class=\"comment-count\">\n\t\t\t\t\t<a href=\"http:\/\/www.atesistemi.it\/?p=10698&lang=it#respond\"><span class=\"icon\">&#57570;<\/span>0 <span class=\"comment-word visuallyhidden\">Comments<\/span><\/a>\t\t\t\t<\/div>\n\t\t\t\n\t\t\t\t\t\t<\/div>\n\n<\/div>\n\t<div class=\"post-content-wrapper\">\n\t\t\t\t<header class=\"single\">\n\t\t\t<div class=\"content\">\n\t\t\t\t<h3>\n\t\t\t\t\t<a href=\"http:\/\/www.atesistemi.it\/?p=10698&#038;lang=it\" title=\"Riunione tecnica Gignac (FR)\" class=\"entry-title\">Riunione tecnica Gignac (FR)<\/a>\n\t\t\t\t<\/h3>\n\t\t\t<\/div>\n\t\t<\/header>\n\t\n\t\t<div class=\"post-content-outer\">\n\t\t\t<p>Molto interesse per la riunione tecnica che si \u00e8 svolta a Gignac (FR) presso il&#8230;<\/p>\n\t\t<\/div>\n\n\t\t\n\t\t\t<\/div>\n\t<\/div>\n<\/div>\n\t\t\t\t\t\t<\/div>\n\t\t\t\t\t<\/li>\n\t\t\t\t\t\t\t\t\t<li class=\"page-content post-head list-item post-10569 post type-post status-publish format-standard hentry category-news\">\n\t\t\t\t\t\t<div>\n\t\t\t\t\t\t\t<div class=\"post-article no-image-wrapper \">\n\t<div class=\"standard-post-format clearfix as-normal as-standard-post-format\">\n\t\t<div class=\"post-media-date\">\n\t\t<div class=\"post-actions-wrapper clearfix\">\n\t\t\t\t\t<div class=\"post-date\">\n\t\t\t\t20 Febbraio 2016\t\t\t<\/div>\n\t\t\t\t\t\t\t\t\t\t\t<div class=\"comment-count\">\n\t\t\t\t\t<a href=\"http:\/\/www.atesistemi.it\/?p=10569&lang=it#respond\"><span class=\"icon\">&#57570;<\/span>0 <span class=\"comment-word visuallyhidden\">Comments<\/span><\/a>\t\t\t\t<\/div>\n\t\t\t\n\t\t\t\t\t\t<\/div>\n\n<\/div>\n\t<div class=\"post-content-wrapper\">\n\t\t\t\t<header class=\"single\">\n\t\t\t<div class=\"content\">\n\t\t\t\t<h3>\n\t\t\t\t\t<a href=\"http:\/\/www.atesistemi.it\/?p=10569&#038;lang=it\" title=\"OILMATIC riunione tecnica\" class=\"entry-title\">OILMATIC riunione tecnica<\/a>\n\t\t\t\t<\/h3>\n\t\t\t<\/div>\n\t\t<\/header>\n\t\n\t\t<div class=\"post-content-outer\">\n\t\t\t<p>Sabato 12 Marzo 2016 si svolger\u00e0 una riunione tecnica dove saranno mostrati macchinari per la&#8230;<\/p>\n\t\t<\/div>\n\n\t\t\n\t\t\t<\/div>\n\t<\/div>\n<\/div>\n\t\t\t\t\t\t<\/div>\n\t\t\t\t\t<\/li>\n\t\t\t\t\t\t\t\t\t<li class=\"page-content post-head list-item post-10454 post type-post status-publish format-standard hentry category-news\">\n\t\t\t\t\t\t<div>\n\t\t\t\t\t\t\t<div class=\"post-article no-image-wrapper \">\n\t<div class=\"standard-post-format clearfix as-normal as-standard-post-format\">\n\t\t<div class=\"post-media-date\">\n\t\t<div class=\"post-actions-wrapper clearfix\">\n\t\t\t\t\t<div class=\"post-date\">\n\t\t\t\t25 Agosto 2015\t\t\t<\/div>\n\t\t\t\t\t\t\t\t\t\t\t<div class=\"comment-count\">\n\t\t\t\t\t<a href=\"http:\/\/www.atesistemi.it\/?p=10454&lang=it#respond\"><span class=\"icon\">&#57570;<\/span>0 <span class=\"comment-word visuallyhidden\">Comments<\/span><\/a>\t\t\t\t<\/div>\n\t\t\t\n\t\t\t\t\t\t<\/div>\n\n<\/div>\n\t<div class=\"post-content-wrapper\">\n\t\t\t\t<header class=\"single\">\n\t\t\t<div class=\"content\">\n\t\t\t\t<h3>\n\t\t\t\t\t<a href=\"http:\/\/www.atesistemi.it\/?p=10454&#038;lang=it\" title=\"PACKTECH EXPO BALKAN 2015\" class=\"entry-title\">PACKTECH EXPO BALKAN 2015<\/a>\n\t\t\t\t<\/h3>\n\t\t\t<\/div>\n\t\t<\/header>\n\t\n\t\t<div class=\"post-content-outer\">\n\t\t\t<p>ATE Elettronica parteciper\u00e0 alla prossima edizione della fiera internazionale 14th PACKTECH EXPO BALKAN 2015 che&#8230;<\/p>\n\t\t<\/div>\n\n\t\t\n\t\t\t<\/div>\n\t<\/div>\n<\/div>\n\t\t\t\t\t\t<\/div>\n\t\t\t\t\t<\/li>\n\t\t\t\t\t\t\t\t\t<li class=\"page-content post-head list-item post-10237 post type-post status-publish format-standard hentry category-news\">\n\t\t\t\t\t\t<div>\n\t\t\t\t\t\t\t<div class=\"post-article no-image-wrapper \">\n\t<div class=\"standard-post-format clearfix as-normal as-standard-post-format\">\n\t\t<div class=\"post-media-date\">\n\t\t<div class=\"post-actions-wrapper clearfix\">\n\t\t\t\t\t<div class=\"post-date\">\n\t\t\t\t10 Maggio 2015\t\t\t<\/div>\n\t\t\t\t\t\t\t\n\t\t\t\t\t\t<\/div>\n\n<\/div>\n\t<div class=\"post-content-wrapper\">\n\t\t\t\t<header class=\"single\">\n\t\t\t<div class=\"content\">\n\t\t\t\t<h3>\n\t\t\t\t\t<a href=\"http:\/\/www.atesistemi.it\/?p=10237&#038;lang=it\" title=\"ATE Elettronica a Expoliva 2015\" class=\"entry-title\">ATE Elettronica a Expoliva 2015<\/a>\n\t\t\t\t<\/h3>\n\t\t\t<\/div>\n\t\t<\/header>\n\t\n\t\t<div class=\"post-content-outer\">\n\t\t\t<p>Grande interesse di pubblico proveniente da tutto il mondo durante la presentazione del sistema di&#8230;<\/p>\n\t\t<\/div>\n\n\t\t\n\t\t\t<\/div>\n\t<\/div>\n<\/div>\n\t\t\t\t\t\t<\/div>\n\t\t\t\t\t<\/li>\n\t\t\t\t\t\t\t\t\t<li class=\"page-content post-head list-item post-10248 post type-post status-publish format-standard hentry category-news\">\n\t\t\t\t\t\t<div>\n\t\t\t\t\t\t\t<div class=\"post-article no-image-wrapper \">\n\t<div class=\"standard-post-format clearfix as-normal as-standard-post-format\">\n\t\t<div class=\"post-media-date\">\n\t\t<div class=\"post-actions-wrapper clearfix\">\n\t\t\t\t\t<div class=\"post-date\">\n\t\t\t\t28 Aprile 2015\t\t\t<\/div>\n\t\t\t\t\t\t\t\n\t\t\t\t\t\t<\/div>\n\n<\/div>\n\t<div class=\"post-content-wrapper\">\n\t\t\t\t<header class=\"single\">\n\t\t\t<div class=\"content\">\n\t\t\t\t<h3>\n\t\t\t\t\t<a href=\"http:\/\/www.atesistemi.it\/?p=10248&#038;lang=it\" title=\"ARISERVIS distributore dei prodotti ATE Elettronica in Spagna\" class=\"entry-title\">ARISERVIS distributore dei prodotti ATE Elettronica in Spagna<\/a>\n\t\t\t\t<\/h3>\n\t\t\t<\/div>\n\t\t<\/header>\n\t\n\t\t<div class=\"post-content-outer\">\n\t\t\t\t\t<\/div>\n\n\t\t\n\t\t\t<\/div>\n\t<\/div>\n<\/div>\n\t\t\t\t\t\t<\/div>\n\t\t\t\t\t<\/li>\n\t\t\t\t\t\t\t\t\t<li class=\"page-content post-head list-item post-10533 post type-post status-publish format-standard hentry category-news\">\n\t\t\t\t\t\t<div>\n\t\t\t\t\t\t\t<div class=\"post-article no-image-wrapper \">\n\t<div class=\"standard-post-format clearfix as-normal as-standard-post-format\">\n\t\t<div class=\"post-media-date\">\n\t\t<div class=\"post-actions-wrapper clearfix\">\n\t\t\t\t\t<div class=\"post-date\">\n\t\t\t\t14 Gennaio 2015\t\t\t<\/div>\n\t\t\t\t\t\t\t\t\t\t\t<div class=\"comment-count\">\n\t\t\t\t\t<a href=\"http:\/\/www.atesistemi.it\/?p=10533&lang=it#respond\"><span class=\"icon\">&#57570;<\/span>0 <span class=\"comment-word visuallyhidden\">Comments<\/span><\/a>\t\t\t\t<\/div>\n\t\t\t\n\t\t\t\t\t\t<\/div>\n\n<\/div>\n\t<div class=\"post-content-wrapper\">\n\t\t\t\t<header class=\"single\">\n\t\t\t<div class=\"content\">\n\t\t\t\t<h3>\n\t\t\t\t\t<a href=\"http:\/\/www.atesistemi.it\/?p=10533&#038;lang=it\" title=\"Sistema prove libere Misano World Circuit\" class=\"entry-title\">Sistema prove libere Misano World Circuit<\/a>\n\t\t\t\t<\/h3>\n\t\t\t<\/div>\n\t\t<\/header>\n\t\n\t\t<div class=\"post-content-outer\">\n\t\t\t\t\t<\/div>\n\n\t\t\n\t\t\t<\/div>\n\t<\/div>\n<\/div>\n\t\t\t\t\t\t<\/div>\n\t\t\t\t\t<\/li>\n\t\t\t\t\t\t<\/ul>\n\t<\/div>\n<\/div>\n\n<\/div><\/div><\/div>\n<div class=\"push  wpv-hide-lowres\" style=\"height:85px\"><\/div>\n","protected":false},"excerpt":{"rendered":"","protected":false},"author":2,"featured_media":0,"parent":21,"menu_order":0,"comment_status":"closed","ping_status":"closed","template":"","meta":[],"_links":{"self":[{"href":"http:\/\/www.atesistemi.it\/index.php?rest_route=\/wp\/v2\/pages\/10188"}],"collection":[{"href":"http:\/\/www.atesistemi.it\/index.php?rest_route=\/wp\/v2\/pages"}],"about":[{"href":"http:\/\/www.atesistemi.it\/index.php?rest_route=\/wp\/v2\/types\/page"}],"author":[{"embeddable":true,"href":"http:\/\/www.atesistemi.it\/index.php?rest_route=\/wp\/v2\/users\/2"}],"replies":[{"embeddable":true,"href":"http:\/\/www.atesistemi.it\/index.php?rest_route=%2Fwp%2Fv2%2Fcomments&post=10188"}],"version-history":[{"count":62,"href":"http:\/\/www.atesistemi.it\/index.php?rest_route=\/wp\/v2\/pages\/10188\/revisions"}],"predecessor-version":[{"id":10623,"href":"http:\/\/www.atesistemi.it\/index.php?rest_route=\/wp\/v2\/pages\/10188\/revisions\/10623"}],"up":[{"embeddable":true,"href":"http:\/\/www.atesistemi.it\/index.php?rest_route=\/wp\/v2\/pages\/21"}],"wp:attachment":[{"href":"http:\/\/www.atesistemi.it\/index.php?rest_route=%2Fwp%2Fv2%2Fmedia&parent=10188"}],"curies":[{"name":"wp","href":"https:\/\/api.w.org\/{rel}","templated":true}]}}